{"id":4461,"date":"2017-03-20T07:44:26","date_gmt":"2017-03-20T06:44:26","guid":{"rendered":"http:\/\/mobifire.de\/wordpress\/?page_id=4461"},"modified":"2024-04-16T08:09:39","modified_gmt":"2024-04-16T06:09:39","slug":"mietbedingungen","status":"publish","type":"page","link":"https:\/\/www.mobifire.de\/index.php\/mietbedingungen\/","title":{"rendered":"Mietbedingungen"},"content":{"rendered":"<p>[vc_row][vc_column][vc_column_text]Bitte beachten Sie, dass wir, 7systems, weder als Planer noch als Errichter zertifiziert sind. Wir sind Vermieter und bieten ebenso die Montage der MobiFire Anlage an. Unsere Hardware ist gepr\u00fcft nach DIN14675 und ebenso VDS zugelassen.<\/p>\n<p>Die MobiFire bietet Ihnen einen flexiblen Brandschutz f\u00fcr Baustellen, Veranstaltungen, Eventbauten und ebenso f\u00fcr tempor\u00e4re Eins\u00e4tze. F\u00fcr den Anschluss werden keine Kabel ben\u00f6tigt und er erfolgt drahtlos mit einer Ausnahme: Die Zentrale wird mit den Funkkopplern verkabelt und die restlichen Komponenten erfolgen drahtlos \u00fcber Funk. Die Funk-Komponenten werden durch eine Batterie versorgt, die bis zu 3 Jahren h\u00e4lt. Die MobiFire ist eine effiziente und zuverl\u00e4ssige Branderkennung und die Alarmierung kann mit unseren \u00dcbertragungsger\u00e4ten zur Feuerwehr aufgeschaltet werden. Die Aufschaltung ist zugelassen auf eine Leitstelle der Feuerwehr nach DIN1 4675 und EN 54.<\/p>\n<p>Wir gew\u00e4hrleisten innerhalb der Mietzeit die Funktionsf\u00e4higkeit der Anlage, vorausgesetzt, die Anlage wird von geschultem Fachpersonal nach Norm aufgebaut, bedient, behandelt und gewartet. Dazu geh\u00f6rt bei l\u00e4ngeren Mietzeiten der Austausch der Batterien der Funk-Melder durch den Mieter sowie auch die eventuelle Reinigung und Wartung der Rauchmelder beim Hersteller.<\/p>\n<p>St\u00f6rungen k\u00f6nnen uns w\u00e4hrend der normalen B\u00fcrozeiten auf die auf der Webseite hinterlegte Telefonnummer und E-Mail Adresse gemeldet werden. Ein Notdienst ist nicht vorgesehen.<\/p>\n<p>Die Montage kann auf Wunsch durch unsere Monteure nach Aufwand erfolgen. Standardm\u00e4\u00dfig sind unsere Monteure mit Leitern bis 3,5 m Arbeitsh\u00f6he ausgestattet. Gr\u00f6\u00dfere H\u00f6hen sind vorher abzustimmen. Montage und Planung der Anlage wird angelehnt an DIN14675. Wir sind jedoch nicht zertifiziert (s.o.).<\/p>\n<p>Bei Sch\u00e4den durch Wassereintritt, \u00dcberspannung, unerlaubter Manipulation der Ger\u00e4te oder mechanisch verursachten Sch\u00e4den (z.B. durch Kollision)\u00a0berechnen wir den vollen Aufwand f\u00fcr die Behebung der Sch\u00e4den.<\/p>\n<p>Der Kunde ist daf\u00fcr verantwortlich, dass auftretende St\u00f6rungen bei Bedarf durch geschultes Fachpersonal behoben werden, bzw. an uns gemeldet werden. Sch\u00e4den \/ Folgesch\u00e4den, die entstehen durch Nichtbeachtung von St\u00f6rungen, z.B. leere \/ ausgelaufene Batterien, werden dem Kunden in Rechnung gestellt.<\/p>\n<p>Der Mieter ist auch verantwortlich f\u00fcr die Bereitstellung eines entsprechend gesicherten und temperierten Platzes f\u00fcr die Anlage. Sch\u00e4den durch Temperatur, Sch\u00e4dlingsbefall, Verbiss, etc. sind ebenfalls vom Mieter zu tragen.<\/p>\n<p>Der R\u00fcckbau der Anlage ist nicht im Mietpreis inkludiert und muss entweder fachm\u00e4nnisch in Eigenleistung erfolgen oder wir f\u00fchren dies durch mit einer Abrechnung nach Aufwand.<\/p>\n<p>Damit eine f\u00fcr beiden Seiten angemessene Planung m\u00f6glich ist, sollte der Abbau der Anlage mind. 4 Wochen vorher abgestimmt werden.<\/p>\n<p>Nach Beendigung der Mietdauer m\u00fcssen alle Teile durch den Kunden vollst\u00e4ndig und in einwandfreiem funktionst\u00fcchtigem Zustand an uns zur\u00fcckgef\u00fchrt werden. Dazu z\u00e4hlen ebenfalls die Batterien der Funkempf\u00e4nger. Sollten Teile fehlen oder besch\u00e4digt zur\u00fcckgef\u00fchrt werden, m\u00fcssen diese selbstverst\u00e4ndlich voll erstattet werden.<\/p>\n<p><strong>Voraussetzungen<\/strong><br \/>\nDas Angebot richtet sich ausschlie\u00dflich an Gewerbebetreibende, ein Widerrufsrecht wird deshalb ausgeschlossen. Bei Privatkunden bitten wir vor Bestellung um Kontaktaufnahme, wir werden Ihnen den n\u00e4chstgelegenen Vertriebspartner mitteilen.<\/p>\n<p>Bei der Angebotslegung nicht angezeigte Anforderungen an Dokumentation k\u00f6nnen zu Mehrkosten f\u00fchren.<\/p>\n<p><strong>Mietdauer<\/strong><br \/>\nDie Mietdauer beginnt mit dem Versand der Anlage und endet mit der eingehenden R\u00fccklieferung der Anlage. Die beauftragte Mietdauer wird unabh\u00e4ngig von der R\u00fccklieferung oder dem Vertragsende vollst\u00e4ndig berechnet. Bei Zahlungsverzug von mehr als 10 Tagen behalten wir uns das Recht vor, das Miet-Verh\u00e4ltnis vorzeitig zu beenden und die Anlage zur\u00fcckzunehmen. Erfolgt die R\u00fccklieferung nach der beauftragten Mietdauer, so verl\u00e4ngert sich die Miet-Dauer automatisch monatlich.<\/p>\n<p><strong>R\u00fccksendeadresse<\/strong><\/p>\n<p>7systems GmbH<br \/>\nWarenannahme<br \/>\nFraunhoferstra\u00dfe 2<br \/>\n51647 Gummersbach<\/p>\n<p><strong>Zahlungsbedingungen<\/strong><br \/>\nZahlung durch Vorkasse.<\/p>\n<p>Die Monatlichen Mietgeb\u00fchren sind als Nettopreise ausgewiesen.<\/p>\n<p>Die unter den Produkten aufgef\u00fchrten Monats-Mietpreise gelten immer f\u00fcr volle Monate.\u00a0<strong>Die Mindestmietdauer betr\u00e4gt 6 Monate.<\/strong> F\u00fcr das erste halbe Jahr oder f\u00fcr k\u00fcrzere Mietzeiten ist die Miete nach Versand der Anlage f\u00e4llig, weitere Miet-Raten werden dann jeweils im Voraus halbj\u00e4hrlich berechnet und auch f\u00e4llig.<\/p>\n<p>Bei Stornierung einer versandbereiten Anlage, wird eine Monatsmiete f\u00e4llig.<\/p>\n<p><strong>Lieferung<\/strong><\/p>\n<p>Die Zustellung der Anlage erfolgt je nach Umfang in einem oder mehreren Paketen \u00fcber den Zustelldienst DHL. In Ausnahmef\u00e4llen kann hiervon abgewichen werden.<\/p>\n<p>Eine Abholung der Anlage ist m\u00f6glich, aber vorher abzustimmen.<\/p>\n<p>***<\/p>\n<p><strong>Hinweis zum Empfang der \u00dcbertragungsger\u00e4te<\/strong><\/p>\n<p>Unsere \u00dcbertragungsger\u00e4te sind vorbereitet f\u00fcr \u00dcbertragung bei Standardempfangsbedingungen.<\/p>\n<p>Sollte an der Montage-Location kein Handyempfang bestehen, so ist unklar, ob die \u00dcbertragung zuverl\u00e4ssig durchgef\u00fchrt werden kann.<\/p>\n<p>Es ist nat\u00fcrlich jederzeit m\u00f6glich die \u00dcbertragungsger\u00e4te mit einer Au\u00dfenantenne zu erg\u00e4nzen, dies bedeutet allerdings einen deutlich erh\u00f6hten Arbeitsaufwand &#8211; je nach Wand und n\u00f6tiger Abdichtung.<\/p>\n<p>Potentiell ist es daher sinnvoll dies durch ein anderes Unternehmen durchf\u00fchren zu lassen.<\/p>\n<p>Die \u00dcbertragungsger\u00e4te k\u00f6nnen auch normalerweise \u00fcber LAN \u00fcbermitteln. Dies sollte unter Ber\u00fccksichtigung Ihrer IT-Umgebung fr\u00fchzeitig gekl\u00e4rt werden.<\/p>\n<p>Wir bem\u00fchen uns, Sie hinsichtlich der Funktionalit\u00e4t der Anlage zu unterst\u00fctzen. Wir k\u00f6nnen aber insbesondere f\u00fcr den Funkempfang der Komponenten und f\u00fcr die Mobilfunkverbindung des W\u00e4hlger\u00e4ts keine Garantie \u00fcbernehmen.[\/vc_column_text][vc_empty_space][\/vc_column][\/vc_row][vc_row][vc_column]<h3 class=\"grve-element grve-align-left grve-title-no-line\" style=\"\"><span>Wichtige Informationen zur Angebotserstellung<\/span><\/h3>[vc_tta_accordion active_section=&#8220;1&#8243; collapsible_all=&#8220;true&#8220;][vc_tta_section title=&#8220;Welche Informationen werden f\u00fcr eine Angebotserstellung ben\u00f6tigt?&#8220; tab_id=&#8220;1713247251494-d79a1739-1ed8&#8243;][vc_column_text]<strong>F\u00fcr die Erstellung eines Angebots werden folgende Informationen ben\u00f6tigt.<\/strong><\/p>\n<ol>\n<li>F\u00fcr welchen Einsatzzweck ben\u00f6tigen Sie eine MobiFire?<br \/>\n(Wenn Ihre Anlage defekt sein sollte, w\u00e4re es sicherlich sinnvoller die Zentrale zu ersetzen. Falls Sie eine Esser Honeywell Zentrale haben sollten, k\u00f6nnen wir diese auch, wenn wir die auf Lager haben, zum Kauf zur Verf\u00fcgung stellen)<\/li>\n<li>Bis wann brauchen Sie das Angebot?<\/li>\n<li>Nach welcher Richtlinie muss geplant werden?<\/li>\n<li>Wie schauen die Ma\u00dfnahmen aus bez\u00fcglich der Versicherung?<\/li>\n<li>M\u00f6chte eventuell Ihre Versicherung oder das Bauamt, dass Sie eine Anlage mieten sollen\/ m\u00fcssen?<\/li>\n<li>Falls die Brandmeldeanlage ben\u00f6tigt wird, bitte pr\u00fcfen Sie doch, ob diese der Norm DIN 14675\/ VDS entsprechen muss, oder ob Sie mit der Versicherung oder dem Bauamt eine \u00dcbereinkunft treffen k\u00f6nnen, dass die Planung nur in \u00fcberschaubarem Rahmen begrenzt werden kann.<\/li>\n<li>Soll die Anlage nach DIN 14675 sein, k\u00f6nnen wir diese angelehnt an die Norm planen. F\u00fcr eine Planung nach Norm mit Stempel wird ein zertifizierter Planer ben\u00f6tigt \u2013 Wir k\u00f6nnen vermitteln<\/li>\n<li>Wir planen nach der Norm DIN14675 angelehnt. Unser Mutterunternehmen, welches auch zertifiziert ist, kann die Planung nach der Norm planen oder von Ihnen ausgew\u00e4hltem externen Planer<\/li>\n<li>Haben Sie schon eventuell eine Planung?<\/li>\n<\/ol>\n<p><strong>Wenn Sie schon eine Planung haben, brauchen Sie die weiteren Schritte ab Punkt 8 nicht zu verfolgen und k\u00f6nnen Ihre Anfrage mit Anhang Planung, Grundriss etc. schicken. Wenn Sie keine Planung haben und es Ihnen recht ist, die Planung angelehnt der Norm von uns planen zu lassen, verfolgen Sie bitte die weiteren Schritte. Ben\u00f6tigen Sie jedoch noch die Planung, welche von einem zertifizierten Partner geplant werden muss, k\u00f6nnen wir diese gerne \u00fcber unser Mutterunternehmen planen lassen oder Sie melden sich, nachdem Sie die Planung von Ihrem externen Anbieter erhalten haben. <\/strong><\/p>\n<ol start=\"10\">\n<li>Bitte schicken Sie uns in Ihrer Anfrage ebenso den Grundriss mit und ebenso die Planung, wenn vorhanden<\/li>\n<li>Die Adresse des Objektes<\/li>\n<\/ol>\n<p><strong>Wenn keine Planung vorhanden und es durch uns in einem \u00fcberschaubaren Rahmen begrenzt geplant werden soll: <\/strong><\/p>\n<ol start=\"12\">\n<li>Wie alt ist das Geb\u00e4ude?<\/li>\n<li>Wie dick sind die W\u00e4nde?<\/li>\n<li>Wie viele Etagen hat das Objekt?<\/li>\n<li>Wie viele Zimmern pro Etage hat das Objekt?<\/li>\n<li>Wie viele Ausg\u00e4nge hat das Objekt?<\/li>\n<li>Wo genau muss die Zentrale angeschlossen werden? (KG, EG etc.)<\/li>\n<li>Wie l\u00e4uft die \u00dcbertragung ab? Wir vermieten ebenso das \u00dcbertagungsger\u00e4t, die \u00dcbertragung geht auf unsere Partner-Notrufleitstelle. Daf\u00fcr wird aber ein Alarmplan ben\u00f6tigt. Wer soll alarmiert werden? Direkte Alarmierung wird nicht von uns gemacht.<\/li>\n<\/ol>\n<p>Hinweis: Wenn die Feuerwehr alarmiert werden soll, k\u00f6nnte die Abnahme des Sachverst\u00e4ndigers ca. 6 Monate dauern und die Anlage muss nach der Norm erfolgen.<\/p>\n<p><strong>Bei weiteren Fragen k\u00f6nnen Sie sich gerne bei uns melden und freuen uns auf Ihre Anfrage und beraten Sie gerne.<\/strong>[\/vc_column_text][\/vc_tta_section][\/vc_tta_accordion][\/vc_column][\/vc_row]<\/p>\n","protected":false},"excerpt":{"rendered":"<p>[vc_row][vc_column][vc_column_text]Bitte beachten Sie, dass wir, 7systems, weder als Planer noch als Errichter zertifiziert sind. Wir sind Vermieter und bieten ebenso die Montage der MobiFire Anlage an. Unsere Hardware ist gepr\u00fcft nach DIN14675 und ebenso VDS zugelassen. Die MobiFire bietet Ihnen einen flexiblen Brandschutz f\u00fcr Baustellen, Veranstaltungen, Eventbauten und ebenso f\u00fcr tempor\u00e4re Eins\u00e4tze. F\u00fcr den Anschluss [&hellip;]<\/p>\n","protected":false},"author":1,"featured_media":0,"parent":0,"menu_order":0,"comment_status":"closed","ping_status":"closed","template":"","meta":[],"_links":{"self":[{"href":"https:\/\/www.mobifire.de\/index.php\/wp-json\/wp\/v2\/pages\/4461"}],"collection":[{"href":"https:\/\/www.mobifire.de\/index.php\/wp-json\/wp\/v2\/pages"}],"about":[{"href":"https:\/\/www.mobifire.de\/index.php\/wp-json\/wp\/v2\/types\/page"}],"author":[{"embeddable":true,"href":"https:\/\/www.mobifire.de\/index.php\/wp-json\/wp\/v2\/users\/1"}],"replies":[{"embeddable":true,"href":"https:\/\/www.mobifire.de\/index.php\/wp-json\/wp\/v2\/comments?post=4461"}],"version-history":[{"count":26,"href":"https:\/\/www.mobifire.de\/index.php\/wp-json\/wp\/v2\/pages\/4461\/revisions"}],"predecessor-version":[{"id":17311,"href":"https:\/\/www.mobifire.de\/index.php\/wp-json\/wp\/v2\/pages\/4461\/revisions\/17311"}],"wp:attachment":[{"href":"https:\/\/www.mobifire.de\/index.php\/wp-json\/wp\/v2\/media?parent=4461"}],"curies":[{"name":"wp","href":"https:\/\/api.w.org\/{rel}","templated":true}]}}